{"id":249,"date":"2017-12-10T14:49:36","date_gmt":"2017-12-10T13:49:36","guid":{"rendered":"https:\/\/kosma.pl\/stereotyp\/?page_id=249"},"modified":"2017-12-10T14:49:36","modified_gmt":"2017-12-10T13:49:36","slug":"moja-stara-fanatyczka-autyzmu","status":"publish","type":"page","link":"https:\/\/kosma.pl\/stereotyp\/artykuly\/moja-stara-fanatyczka-autyzmu\/","title":{"rendered":"\u201cMoja stara to fanatyczka autyzmu\u201d"},"content":{"rendered":"<blockquote><p><em>Ostrze\u017cenie: Tekst zawiera poka\u017ane ilo\u015bci sarkazmu, wulgaryzm\u00f3w i rynsztokowego internetowego humoru na \u017cenuj\u0105co niskim poziomie. Je\u015bli nie znasz tekstu \u201c<a href=\"http:\/\/pokazywarka.pl\/x4pah9\/\">m\u00f3j stary to fanatyk w\u0119dkarstwa<\/a>\u201d, to prawdopodobnie w og\u00f3le nie b\u0119dzie Ci\u0119 \u015bmieszy\u0107. Czytasz na w\u0142asne ryzyko. :)<\/em><\/p><\/blockquote>\n<p>Moja stara to fanatyczka autyzmu. P\u00f3\u0142 mieszkania za*ebane szczepionkami najgorsze. \u015arednio raz w miesi\u0105cu kto\u015b wdepnie na le\u017c\u0105c\u0105 na pod\u0142odze ig\u0142\u0119 i trzeba si\u0119 odtruwa\u0107 na metale ci\u0119\u017ckie w szpitalu, bo maj\u0105 w sk\u0142adzie rt\u0119\u0107 i aluminium. W swoim 22 letnim \u017cyciu ju\u017c z 10 razy by\u0142em na takim zabiegu. Tydzie\u0144 temu poszed\u0142em na jakie\u015b losowe badania to baba z recepcji jak mnie tylko zobaczy\u0142a to od razu wyci\u0105gn\u0119\u0142a ADOS-2 bo my\u015bla\u0142a, \u017ce znowu trzeba mnie diagnozowa\u0107 na autyzm. xD<\/p>\n<p>Druga po\u0142owa mieszkania za*ebana Terapeut\u0105 Polskim, \u015awiatem Autyzmu, Super Aspikiem xD itp. Co tydzie\u0144 matka robi objazd po wszystkich kioskach w mie\u015bcie, \u017ceby skompletowa\u0107 wszystkie autystyczne periodyki. By\u0142em na tyle g\u0142upi, \u017ce nauczy\u0142em j\u0105 into facebook bo my\u015bla\u0142em, \u017ce troch\u0119 pieni\u0119dzy zaoszcz\u0119dzimy na tych gazetkach ale teraz nie dosy\u0107, \u017ce je kupuje to jeszcze siedzi na jakich\u015b grupach dla mamusiek i kr\u0119ci g\u00f3wnoburze z innymi matkami o najlepsze terapie itp. Potrafi drze\u0107 mord\u0119 do monitora albo wypie*doli\u0107 klawiatur\u0119 za okno. Kiedy\u015b matka mnie wk*rwi\u0142a to wbi\u0142em na kt\u00f3r\u0105\u015b grup\u0119 i j\u0105 trolowa\u0142em pisz\u0105c pod jej w komentarzach jakie\u015b losowe g\u0142upoty typu \u201cterape\u0142ci jedzo guwno\u201d. Ojciec nie nad\u0105\u017ca\u0142 z gotowaniem bezglutenowego \u017carcia na uspokojenie. Aha, ma ju\u017c na grupie \u201cAutyzm &#8211; leczenie biomedyczne\u201d rang\u0119 moderatora, za naj*banie 10k komentarzy.<\/p>\n<p>Jak jest ciep\u0142o to co weekend zapie*dala na spotkania rodzic\u00f3w. Od jakich\u015b 5 lat w ka\u017cd\u0105 niedziel\u0119 jem bezglutenow\u0105 papk\u0119 na obiad a matka pie*doli o zaletach jedzenia tego nijakiego g\u00f3wna. Jak si\u0119 dosta\u0142em na studia to stara przez tydzie\u0144 pie*doli\u0142a \u017ce to dzi\u0119ki temu, \u017ce nie jem glutenu i w\u0119glowodan\u00f3w i m\u00f3zg mi lepiej pracuje.<\/p>\n<p>Co sobot\u0119 budzi ze swoj\u0105 znajom\u0105 Gra\u017cyn\u0105 ca\u0142\u0105 rodzin\u0119 o 4 w nocy bo ha\u0142asuj\u0105 pakuj\u0105c suplementy, robi\u0105c kanapki itd.<\/p>\n<p>Przy jedzeniu zawsze pie*doli o autyzmach i za ka\u017cdym razem temat schodzi w ko\u0144cu na Autyzm, doros\u0142o\u015b\u0107 i co dalej, matka sama si\u0119 nakr\u0119ca i dostaje strasznego b\u00f3lu dupy durr opowiadajo \u017ce autyzm nie choroba, \u015bmieszkuj\u0105 na swojej grupie na fejsbuku, a to przecie\u017c taka tragedia dla rodzic\u00f3w, robi si\u0119 przy tym ca\u0142a czerwona i odchodzi od sto\u0142u kln\u0105c i idzie czyta\u0107 sk\u0142ady chemiczne szczepionek \u017ceby si\u0119 uspokoi\u0107.<\/p>\n<p>W tym roku sama sobie kupi\u0142a na \u015bwi\u0119ta ksi\u0105\u017ck\u0119 Wakefielda. Oczywi\u015bcie do wigilii nie wytrzyma\u0142a tylko ju\u017c wczoraj j\u0105 rozpakowa\u0142a i czyta\u0142a w du\u017cym pokoju. Ubra\u0142a si\u0119 w ten sw\u00f3j ca\u0142y str\u00f3j super mamu\u015bki i siedzia\u0142a ca\u0142y dzie\u0144 przy tej ksi\u0105\u017cce na \u015brodku mieszkania. Obiad (bezglutenowa mama\u0142yga) te\u017c przy niej zjad\u0142a [cool][cze\u015b\u0107]<\/p>\n<p>Gdybym mnie na d\u0142ugo\u015b\u0107 r\u0119ki dopu\u015bcili do wszystkich autyst\u00f3w w Polsce to bym wzi\u0105\u0142 i zapie*doli\u0142.<\/p>\n<p>Jak kt\u00f3rego\u015b razu, jeszcze w podbazie czy gimbazie, mia\u0142em urodziny to stara jako prezent wzi\u0119\u0142a mnie ze sob\u0105 na diagnoz\u0119 w drodze wyj\u0105tku. Super prezent k***o.<\/p>\n<p>Pojechali\u015bmy gdzie\u015b wp*zdu za miasto, dochodzimy pod klinik\u0119 a matce ju\u017c si\u0119 oczy \u015bwiec\u0105 i oblizuje wargi podniecona. Roz\u0142o\u017cy\u0142a zabawki i siedzimy za szyb\u0105 weneck\u0105 i gapimy si\u0119 na dziecko. Po pi\u0119ciu minutach mi si\u0119 znudzi\u0142o wi\u0119c w\u0142\u0105czy\u0142em discmana to mnie matka pie*doln\u0119\u0142a ksi\u0105\u017ck\u0105 Wakefielda po g\u0142owie, \u017ce dzieci s\u0142ysz\u0105 muzyk\u0119 z moich s\u0142uchawek i si\u0119 p\u0142osz\u0105. Jak si\u0119 chcia\u0142em podrapa\u0107 po dupie to zaraz 'krzycza\u0142a szeptem&#8217;, \u017cebym si\u0119 nie wierci\u0142 bo szeleszcz\u0119 i dzieci zza szyby widz\u0105 jak si\u0119 ruszam i udaj\u0105 neurotypowe. 6 godzin musia\u0142em siedzie\u0107 w bezruchu i patrze\u0107 na g\u00f3wniarza jak w jakim\u015b jeb*nym Guantanamo. Urodziny mam w listopadzie wi\u0119c jeszcze do tego by\u0142o zimno jak sam sku*wysyn. W pewnym momencie matka odesz\u0142a kilkana\u015bcie metr\u00f3w w korytarz i si\u0119 spie*dzia\u0142a. Wyt\u0142umaczy\u0142a mi, \u017ce trzeba na korytarzu pierdzie\u0107 bo autystyczne dzieci s\u0105 wra\u017cliwe i wszystko s\u0142ysz\u0105 i czuj\u0105.<\/p>\n<p>Wspomnia\u0142em, \u017ce matka ma kole\u017cank\u0119 Gra\u017cyn\u0119, z kt\u00f3rym je\u017adzi na spotkania rodzic\u00f3w. Kiedy\u015b towarzyszem wypraw terapeutycznych by\u0142a hehe Anka. Babka o kszta\u0142cie pi\u0142ki z cyckami i 365 dni w roku w garsonce. By\u0142y z moj\u0105 matk\u0105 prawie jak siostry, przychodzi\u0142a z m\u0119\u017cem Zbyszkiem na wigilie do nas itd. Raz matka mia\u0142a imieniny i Anka przysz\u0142a na hehe kielicha. Najeba\u0142y si\u0119 i oczywi\u015bcie ca\u0142y czas gada\u0142y o leczeniu autyzmu. Ja siedzia\u0142em u siebie w pokoju. W pewnym momencie zacz\u0119\u0142y drze\u0107 na siebie mord\u0119, czy generalnie lepsze s\u0105 lewatywy czy chelatacja.<\/p>\n<blockquote><p><em>&#8211; WE\u0179 MNIE NIE Wk***IAJ ANKA, WIDZIA\u0141A\u015a TY KIEDY\u015a JAK LEWATYWA KOPIE? CHLUST I AUTYZM Uj***ny!<\/em><\/p>\n<p><em>&#8211; k***A KRY\u015aKA CHELATACJA W POLSCE PO 80 KILO RT\u0118CI USUWA, TWOJA LEWATYWA TO IM MO\u017bE NASKOCZY\u0106<\/em><\/p>\n<p><em>&#8211; CO TY MI O CHELATACJI pie**olISZ JAK LEDWO ZE SZCZEPIONKI POTRAFISZ ODTRU\u0106. LEWATYWA TO JEST KR\u00d3L LECZENIA AUTYZMU JAK LEW JEST KR\u00d3L D\u017bUNGLI<\/em><\/p><\/blockquote>\n<p>No i a\u017c si\u0119 zacz\u0119\u0142y naku*wia\u0107 zapasy na dywanie w du\u017cym pokoju a ja z ojcem musieli\u015bmy je rozdziela\u0107. Od tego czasu zupe\u0142nie zerwa\u0142y kontakt. W zesz\u0142ym roku zadzwoni\u0142 m\u0105\u017c Anki, \u017ce Ania spad\u0142a z rowerka i zaprasza na pogrzeb. Odebra\u0142 akurat ojciec, z\u0142o\u017cy\u0142 kondolencje, odk\u0142ada s\u0142uchawk\u0119 i m\u00f3wi o tym matce, a matka<\/p>\n<blockquote><p><em>I bardzo k***a dobrze<\/em><\/p><\/blockquote>\n<p>Tak j\u0105 za te chelatacje znienawidzi\u0142a.<\/p>\n<p>Wspomina\u0142em te\u017c o arcywrogu mojej starej czyli <em>Autyzm, doros\u0142o\u015b\u0107 i co dalej<\/em>. Sta\u0142 si\u0119 on kompletn\u0105 obsesj\u0105 matki i jak np. w telewizji m\u00f3wi\u0105, \u017ce gdzie\u015b by\u0142o trz\u0119sienie ziemi to stara zawsze mamrocze pod nosem, \u017ce powinni w ko\u0144cu co\u015b o tych sk***ysynach z ADiCD powiedzie\u0107. Gazety nieautystyczne te\u017c przesta\u0142a czyta\u0107 bo mia\u0142a b\u00f3l dupy, \u017ce o autyzmie polskim ani aferach w ADiCD nic si\u0119 nie pisze.<\/p>\n<p>Szefem ko\u0142a ADiCD w mojej okolicy jest niejaki pan Adam. Jest on dla starej uosobieniem ca\u0142ego z\u0142a wyrz\u0105dzonego rodzicom autyst\u00f3w przez doros\u0142ych ze spektrum i matka przez wiele lat toczy\u0142a z nim wojn\u0119. Raz posz\u0142a na jakie\u015b spotkanie aspik\u00f3w gdzie wyst\u0119powa\u0142 Adam i stara wr\u00f3ci\u0142a do domu z podart\u0105 koszul\u0105 bo si\u0142\u0105 j\u0105 usuwali z sali takie tam inby odpie**ala\u0142a.<\/p>\n<p>Po kl\u0119sce w starciu fizycznym ze zbrojnym ramieniem ADiCD matka rozpocz\u0119\u0142a partyzantk\u0119 internetow\u0105 polegaj\u0105c\u0105 na szkalowaniu ADiCD i Adama na grupach na facebooku. Napie**ala\u0142a na niego jakie\u015b g\u0142upoty typu, \u017ce Adam kupi\u0142 sobie diagnoz\u0119 u ruskich albo, \u017ce go widzia\u0142a na ulicy jak u\u017cywa\u0142 komunikacji niewerbalnej itd. Nie nauczy\u0142em matki into TOR wi\u0119c sko\u0144czy\u0142o si\u0119 bagietami za szkalowanie i stara musia\u0142a zap\u0142aci\u0107 Adamowi 2000z\u0142.<\/p>\n<p>Jak p\u0142aci\u0142a to przez tydzie\u0144 w domu si\u0119 nie da\u0142o \u017cy\u0107, matka k*rwi\u0142a na przekupne s\u0105dy, ADiCD, Adama i w og\u00f3le ca\u0142y \u015bwiat. Z jej pie**olenia wynika\u0142o, \u017ce ADiCD jak jacy\u015b masoni rz\u0105dz\u0105 ca\u0142ym krajem, poci\u0105gaj\u0105 za sznurki i maj\u0105 wsz\u0119dzie uk\u0142ady. Przelicza\u0142a te\u017c te 2000 na terapie, suplementy czy dietetyczne jedzenie i dostawa\u0142a strasznego b\u00f3lu dupy, ile ona by mog\u0142a np. kaszki bezglutenowej za te 2k kupi\u0107 (kilkaset kilo).<\/p>\n<p>Stara jako\u015b w zesz\u0142ym roku stwierdzi\u0142a, \u017ce koniecznie musi mie\u0107 maszyn\u0119 do chelatacji bo niby wypo\u017cyczanie za drogo wychodzi i wszyscy chc\u0105 j\u0105 oszuka\u0107.<\/p>\n<blockquote><p><em>synek na maszynie to si\u0119 prawdziwe leczenie robi! tam jest terapia!<\/em><\/p><\/blockquote>\n<p>ale nie by\u0142o jej sta\u0107 ani nie mia\u0142a jej gdzie trzyma\u0107 a hehe frajerem to ona nie jest \u017ceby komu\u015b p\u0142aci\u0107 za przechowywanie wi\u0119c zgada\u0142a si\u0119 z jakimi\u015b mamu\u015bkami z okolicy, \u017ce kupi\u0105 chelatator na sp\u00f3\u0142k\u0119, on b\u0119dzie sta\u0142a u jakiej\u015b krystyny, kt\u00f3ra ma dom a nie mieszkanie w bloku jak my, na podje\u017adzie na przyczepie, kt\u00f3r\u0105 ta krystyna ma i si\u0119 b\u0119d\u0105 t\u0105 maszyn\u0105 dzieli\u0142y albo b\u0119d\u0105 je\u017adzi\u0142y odtruwa\u0107 razem.<\/p>\n<p>Na pocz\u0105tku ta kooperatywa sz\u0142a nawet nie\u017ale ale w kt\u00f3ry\u015b weekend matka si\u0119 rozchorowa\u0142a i nie m\u00f3g\u0142 z nimi jecha\u0107 odtruwa\u0107 i mia\u0142a o to olbrzymi b\u00f3l dupy. Jeszcze te jej kole\u017canki dzwoni\u0142y, \u017ce dzieci zdrowiej\u0105 jak poj*bane wi\u0119c moja matka tylko le\u017ca\u0142a czerwona ze z\u0142o\u015bci na kanapie i sapa\u0142a z wk***ienia. Sytuacj\u0119 jeszcze pogarsza\u0142o to, \u017ce nie mia\u0142a na kogo zwali\u0107 winy co zawsze robi. W ko\u0144cu dosz\u0142a do wniosku, \u017ce to niesprawiedliwe, \u017ce oni odtruwaj\u0105 bez niej bo przecie\u017c po r\u00f3wno si\u0119 zrzuca\u0142y na chelatator i w niedziel\u0119 wieczorem, jak te krystyny ju\u017c wr\u00f3ci\u0142y z terapii, wysz\u0142a nagle z domu.<\/p>\n<p>Po godzinie wraca i m\u00f3wi do mnie, \u017ce musz\u0119 jej pom\u00f3c z czym\u015b przed domem. Wychodz\u0119 na zewn\u0105trz a tam nasz samoch\u00f3d z przyczep\u0105 i maszyn\u0105 xD Pytam sk\u0105d ona j\u0105 wzi\u0119\u0142a a ona m\u00f3wi, \u017ce krystynom zaj***\u0142a z podjazdu przed domem bo one j\u0105 oszuka\u0142y i \u017cebym \u0142apa\u0142 z ni\u0105 maszyn\u0119 i wnosimy do mieszkania XD Na nic si\u0119 zda\u0142o t\u0142umaczenie, \u017ce zajmie ca\u0142y du\u017cy pok\u00f3j. Na szcz\u0119\u015bcie chelatator nie zmie\u015bci\u0142 si\u0119 w drzwiach do klatki wi\u0119c stara stwierdzi\u0142a, \u017ce ona go przed domem zostawi.<\/p>\n<p>Za pomoc\u0105 jakich\u015b \u0142a\u0144cuch\u00f3w do stymulacji sensorycznej co by\u0142y na maszynie i mojej k\u0142\u00f3dki od roweru przypi\u0119\u0142a j\u0105 do latarni i zadowolona chce i\u015b\u0107 wraca\u0107 do mieszkania a tu nagle przyje\u017cd\u017caj\u0105 2 samochody z krystynami wsp\u00f3\u0142w\u0142a\u015bcicielkami, kt\u00f3re domy\u015bli\u0142y si\u0119 gdzie ich w\u0142asno\u015b\u0107 mo\u017ce si\u0119 znajdowa\u0107 xD Zacz\u0119\u0142a si\u0119 nieziemska inba bo krystyny dr\u0105 mordy dlaczego maszyn\u0119 ukrad\u0142a i \u017ce ma oddawa\u0107 a matka si\u0119 drze, \u017ce one j\u0105 oszukali i ona 500z\u0142 si\u0119 sk\u0142ada\u0142a a nie odtruwa\u0142a w ten weekend. Ja stara\u0142em si\u0119 za\u0142agodzi\u0107 sytuacj\u0119 \u017ceby matka od nich nie dosta\u0142a wpie**olu bo by\u0142o blisko.<\/p>\n<p>Po kilkunastu minutach sytuacja wygl\u0105da\u0142a tak:<\/p>\n<p>-Moja matka le\u017cy na ziemi, kurczowo trzyma si\u0119 przyczepy i krzyczy, \u017ce nie odda<\/p>\n<p>-Krystyny krzycz\u0105, \u017ce ma oddawa\u0107<\/p>\n<p>-Jedna krystyna ma rozj*bany nos bo pr\u00f3bowa\u0142a le\u017c\u0105c\u0105 matk\u0119 odci\u0105gn\u0105\u0107 od chelatatora za nog\u0119 i dosta\u0142a drug\u0105 nog\u0105 z kopa<\/p>\n<p>-Dw\u00f3ch policjant\u00f3w ci\u0105gnie matk\u0119 za nogi i m\u00f3wi, \u017ce jedzie z nimi na komisariat bo pobi\u0142a cz\u0142owieka<\/p>\n<p>-We wszystkich oknach dooko\u0142a stoj\u0105 s\u0105siedzi<\/p>\n<p>-M\u00f3j stary za\u0142amuje r\u0119ce i b\u0142aga matk\u0119 \u017ceby zostawi\u0142a maszyn\u0119 a policjant\u00f3w \u017ceby go nie aresztowali<\/p>\n<p>-Ja smutnyaspik.gif<\/p>\n<p>W ko\u0144cu policjanci oderwali star\u0105 od maszyny. Ja poda\u0142em krystynom kod do k\u0142\u00f3dki rowerowej i zabra\u0142y maszyn\u0119, rzucaj\u0105c wcze\u015bniej starej 500z\u0142 i m\u00f3wi\u0105c, \u017ce nie ma ju\u017c do chelatatora \u017cadnego prawa i lepiej dla niej, \u017ceby si\u0119 nigdy na odtruwaniu nie spotka\u0142y. Ojciec ub\u0142aga\u0142 policjant\u00f3w, \u017ceby nie aresztowali matki. Krystyna co dosta\u0142a w mord\u0119 butem powiedzia\u0142a, \u017ce ona si\u0119 nie b\u0119dzie pie**oli\u0142a z \u0142a\u017ceniem po komisariatach i ma to w dupie tylko matki nie chce wi\u0119cej widzie\u0107.<\/p>\n<p>Stara do tej pory robi z krystynami g\u00f3wnoburz\u0119 na grupach na facebooku bo za\u0142o\u017cyli tam przypi\u0119ty post, gdzie przestrzegaj\u0105 przed robieniem jakichkolwiek sesji terapeutycznych z moj\u0105 matk\u0105. Obserwowa\u0142em ten post i widzia\u0142em jak moja matka nieudolnie porobi\u0142a trollkonta<\/p>\n<blockquote><p><em>Katarzyna Aspergerska<\/p>\n<p>Liczba znajomych: 0<\/p>\n<p>Ten post napisali jacy\u015b idioci! Znam Star\u0105 Anona od dawna i to bardzo porz\u0105dna kobieta i wspania\u0142a matka! Chc\u0105 j\u0105 oczerni\u0107 bo zazdroszcz\u0105 wyleczonych dzieci i 1% podatku!<\/em><\/p><\/blockquote>\n<p>Potem jeszcze u\u017cywa\u0142a tych trollkont do prze\u015bladowania niedawnych kole\u017canek od chelatacji. Jak kt\u00f3ra\u015b z nich zak\u0142ada\u0142a jaki\u015b w\u0105tek to matka si\u0119 tam wpie**ala\u0142a na trollkoncie i np. pisa\u0142a, ze ch*jowe dzieci ma i wida\u0107, \u017ce nie umie leczy\u0107 xD<\/p>\n<p>Z tych samych trollkont udziela\u0142a si\u0119 w swoich tematach i jak na przyk\u0142ad wrzuca\u0142a zdj\u0119cia wyleczonych przez siebie dzieci to sama sobie pisa\u0142a<\/p>\n<blockquote><p><em>Noooo gratuluj\u0119 leczenia! Wida\u0107, \u017ce do\u015bwiadczona terapeutka!<\/em><\/p><\/blockquote>\n<p>a potem si\u0119 z tego cieszy\u0142a i kaza\u0142a ogl\u0105da\u0107 mi i staremu jak j\u0105 chwal\u0105 na grupach.<\/p>\n","protected":false},"excerpt":{"rendered":"<p> Ostrze\u017cenie: Tekst zawiera poka\u017ane ilo\u015bci sarkazmu, wulgaryzm\u00f3w i rynsztokowego internetowego humoru na \u017cenuj\u0105co niskim poziomie. Je\u015bli nie znasz tekstu \u201cm\u00f3j stary to fanatyk w\u0119dkarstwa\u201d, to prawdopodobnie w og\u00f3le nie b\u0119dzie Ci\u0119 \u015bmieszy\u0107. Czytasz na w\u0142asne ryzyko. :) Moja stara to fanatyczka autyzmu. P\u00f3\u0142 mieszkania za*ebane szczepionkami najgorsze. \u015arednio raz w miesi\u0105cu kto\u015b wdepnie na le\u017c\u0105c\u0105 &#8230; <a class=\"read-more more-link\" href=\"https:\/\/kosma.pl\/stereotyp\/artykuly\/moja-stara-fanatyczka-autyzmu\/\">Read more &raquo;<\/a><\/p>","protected":false},"author":1,"featured_media":0,"parent":245,"menu_order":0,"comment_status":"closed","ping_status":"closed","template":"","meta":{"footnotes":""},"class_list":["post-249","page","type-page","status-publish","hentry"],"yoast_head":"<!-- This site is optimized with the Yoast SEO plugin v22.0 - https:\/\/yoast.com\/wordpress\/plugins\/seo\/ -->\n<title>\u201cMoja stara to fanatyczka autyzmu\u201d &#8212; Stereotyp.<\/title>\n<meta name=\"robots\" content=\"index, follow, max-snippet:-1, max-image-preview:large, max-video-preview:-1\" \/>\n<link rel=\"canonical\" href=\"https:\/\/kosma.pl\/stereotyp\/artykuly\/moja-stara-fanatyczka-autyzmu\/\" \/>\n<meta property=\"og:locale\" content=\"pl_PL\" \/>\n<meta property=\"og:type\" content=\"article\" \/>\n<meta property=\"og:title\" content=\"\u201cMoja stara to fanatyczka autyzmu\u201d &#8212; Stereotyp.\" \/>\n<meta property=\"og:description\" content=\"Ostrze\u017cenie: Tekst zawiera poka\u017ane ilo\u015bci sarkazmu, wulgaryzm\u00f3w i rynsztokowego internetowego humoru na \u017cenuj\u0105co niskim poziomie. Je\u015bli nie znasz tekstu \u201cm\u00f3j stary to fanatyk w\u0119dkarstwa\u201d, to prawdopodobnie w og\u00f3le nie b\u0119dzie Ci\u0119 \u015bmieszy\u0107. Czytasz na w\u0142asne ryzyko. :) Moja stara to fanatyczka autyzmu. P\u00f3\u0142 mieszkania za*ebane szczepionkami najgorsze. \u015arednio raz w miesi\u0105cu kto\u015b wdepnie na le\u017c\u0105c\u0105 ...\" \/>\n<meta property=\"og:url\" content=\"https:\/\/kosma.pl\/stereotyp\/artykuly\/moja-stara-fanatyczka-autyzmu\/\" \/>\n<meta property=\"og:site_name\" content=\"Stereotyp.\" \/>\n<meta property=\"article:publisher\" content=\"https:\/\/www.facebook.com\/stereotyp\" \/>\n<meta name=\"twitter:card\" content=\"summary_large_image\" \/>\n<meta name=\"twitter:label1\" content=\"Szacowany czas czytania\" \/>\n\t<meta name=\"twitter:data1\" content=\"11 minut\" \/>\n<script type=\"application\/ld+json\" class=\"yoast-schema-graph\">{\"@context\":\"https:\/\/schema.org\",\"@graph\":[{\"@type\":\"WebPage\",\"@id\":\"https:\/\/kosma.pl\/stereotyp\/artykuly\/moja-stara-fanatyczka-autyzmu\/\",\"url\":\"https:\/\/kosma.pl\/stereotyp\/artykuly\/moja-stara-fanatyczka-autyzmu\/\",\"name\":\"\u201cMoja stara to fanatyczka autyzmu\u201d &#8212; Stereotyp.\",\"isPartOf\":{\"@id\":\"https:\/\/kosma.pl\/stereotyp\/#website\"},\"datePublished\":\"2017-12-10T13:49:36+00:00\",\"dateModified\":\"2017-12-10T13:49:36+00:00\",\"breadcrumb\":{\"@id\":\"https:\/\/kosma.pl\/stereotyp\/artykuly\/moja-stara-fanatyczka-autyzmu\/#breadcrumb\"},\"inLanguage\":\"pl-PL\",\"potentialAction\":[{\"@type\":\"ReadAction\",\"target\":[\"https:\/\/kosma.pl\/stereotyp\/artykuly\/moja-stara-fanatyczka-autyzmu\/\"]}]},{\"@type\":\"BreadcrumbList\",\"@id\":\"https:\/\/kosma.pl\/stereotyp\/artykuly\/moja-stara-fanatyczka-autyzmu\/#breadcrumb\",\"itemListElement\":[{\"@type\":\"ListItem\",\"position\":1,\"name\":\"Strona g\u0142\u00f3wna\",\"item\":\"https:\/\/kosma.pl\/stereotyp\/\"},{\"@type\":\"ListItem\",\"position\":2,\"name\":\"Artyku\u0142y.\",\"item\":\"https:\/\/kosma.pl\/stereotyp\/artykuly\/\"},{\"@type\":\"ListItem\",\"position\":3,\"name\":\"\u201cMoja stara to fanatyczka autyzmu\u201d\"}]},{\"@type\":\"WebSite\",\"@id\":\"https:\/\/kosma.pl\/stereotyp\/#website\",\"url\":\"https:\/\/kosma.pl\/stereotyp\/\",\"name\":\"Stereotyp.\",\"description\":\"\",\"potentialAction\":[{\"@type\":\"SearchAction\",\"target\":{\"@type\":\"EntryPoint\",\"urlTemplate\":\"https:\/\/kosma.pl\/stereotyp\/?s={search_term_string}\"},\"query-input\":\"required name=search_term_string\"}],\"inLanguage\":\"pl-PL\"}]}<\/script>\n<!-- \/ Yoast SEO plugin. -->","yoast_head_json":{"title":"\u201cMoja stara to fanatyczka autyzmu\u201d &#8212; Stereotyp.","robots":{"index":"index","follow":"follow","max-snippet":"max-snippet:-1","max-image-preview":"max-image-preview:large","max-video-preview":"max-video-preview:-1"},"canonical":"https:\/\/kosma.pl\/stereotyp\/artykuly\/moja-stara-fanatyczka-autyzmu\/","og_locale":"pl_PL","og_type":"article","og_title":"\u201cMoja stara to fanatyczka autyzmu\u201d &#8212; Stereotyp.","og_description":"Ostrze\u017cenie: Tekst zawiera poka\u017ane ilo\u015bci sarkazmu, wulgaryzm\u00f3w i rynsztokowego internetowego humoru na \u017cenuj\u0105co niskim poziomie. Je\u015bli nie znasz tekstu \u201cm\u00f3j stary to fanatyk w\u0119dkarstwa\u201d, to prawdopodobnie w og\u00f3le nie b\u0119dzie Ci\u0119 \u015bmieszy\u0107. Czytasz na w\u0142asne ryzyko. :) Moja stara to fanatyczka autyzmu. P\u00f3\u0142 mieszkania za*ebane szczepionkami najgorsze. \u015arednio raz w miesi\u0105cu kto\u015b wdepnie na le\u017c\u0105c\u0105 ...","og_url":"https:\/\/kosma.pl\/stereotyp\/artykuly\/moja-stara-fanatyczka-autyzmu\/","og_site_name":"Stereotyp.","article_publisher":"https:\/\/www.facebook.com\/stereotyp","twitter_card":"summary_large_image","twitter_misc":{"Szacowany czas czytania":"11 minut"},"schema":{"@context":"https:\/\/schema.org","@graph":[{"@type":"WebPage","@id":"https:\/\/kosma.pl\/stereotyp\/artykuly\/moja-stara-fanatyczka-autyzmu\/","url":"https:\/\/kosma.pl\/stereotyp\/artykuly\/moja-stara-fanatyczka-autyzmu\/","name":"\u201cMoja stara to fanatyczka autyzmu\u201d &#8212; Stereotyp.","isPartOf":{"@id":"https:\/\/kosma.pl\/stereotyp\/#website"},"datePublished":"2017-12-10T13:49:36+00:00","dateModified":"2017-12-10T13:49:36+00:00","breadcrumb":{"@id":"https:\/\/kosma.pl\/stereotyp\/artykuly\/moja-stara-fanatyczka-autyzmu\/#breadcrumb"},"inLanguage":"pl-PL","potentialAction":[{"@type":"ReadAction","target":["https:\/\/kosma.pl\/stereotyp\/artykuly\/moja-stara-fanatyczka-autyzmu\/"]}]},{"@type":"BreadcrumbList","@id":"https:\/\/kosma.pl\/stereotyp\/artykuly\/moja-stara-fanatyczka-autyzmu\/#breadcrumb","itemListElement":[{"@type":"ListItem","position":1,"name":"Strona g\u0142\u00f3wna","item":"https:\/\/kosma.pl\/stereotyp\/"},{"@type":"ListItem","position":2,"name":"Artyku\u0142y.","item":"https:\/\/kosma.pl\/stereotyp\/artykuly\/"},{"@type":"ListItem","position":3,"name":"\u201cMoja stara to fanatyczka autyzmu\u201d"}]},{"@type":"WebSite","@id":"https:\/\/kosma.pl\/stereotyp\/#website","url":"https:\/\/kosma.pl\/stereotyp\/","name":"Stereotyp.","description":"","potentialAction":[{"@type":"SearchAction","target":{"@type":"EntryPoint","urlTemplate":"https:\/\/kosma.pl\/stereotyp\/?s={search_term_string}"},"query-input":"required name=search_term_string"}],"inLanguage":"pl-PL"}]}},"_links":{"self":[{"href":"https:\/\/kosma.pl\/stereotyp\/wp-json\/wp\/v2\/pages\/249","targetHints":{"allow":["GET"]}}],"collection":[{"href":"https:\/\/kosma.pl\/stereotyp\/wp-json\/wp\/v2\/pages"}],"about":[{"href":"https:\/\/kosma.pl\/stereotyp\/wp-json\/wp\/v2\/types\/page"}],"author":[{"embeddable":true,"href":"https:\/\/kosma.pl\/stereotyp\/wp-json\/wp\/v2\/users\/1"}],"replies":[{"embeddable":true,"href":"https:\/\/kosma.pl\/stereotyp\/wp-json\/wp\/v2\/comments?post=249"}],"version-history":[{"count":2,"href":"https:\/\/kosma.pl\/stereotyp\/wp-json\/wp\/v2\/pages\/249\/revisions"}],"predecessor-version":[{"id":251,"href":"https:\/\/kosma.pl\/stereotyp\/wp-json\/wp\/v2\/pages\/249\/revisions\/251"}],"up":[{"embeddable":true,"href":"https:\/\/kosma.pl\/stereotyp\/wp-json\/wp\/v2\/pages\/245"}],"wp:attachment":[{"href":"https:\/\/kosma.pl\/stereotyp\/wp-json\/wp\/v2\/media?parent=249"}],"curies":[{"name":"wp","href":"https:\/\/api.w.org\/{rel}","templated":true}]}}