{"id":245,"date":"2017-12-10T14:41:36","date_gmt":"2017-12-10T13:41:36","guid":{"rendered":"https:\/\/kosma.pl\/stereotyp\/?page_id=245"},"modified":"2019-09-15T03:02:43","modified_gmt":"2019-09-15T01:02:43","slug":"artykuly","status":"publish","type":"page","link":"https:\/\/kosma.pl\/stereotyp\/artykuly\/","title":{"rendered":"Artyku\u0142y."},"content":{"rendered":"<h2>Moje w\u0142asne<\/h2>\n<ul>\n<li><a href=\"https:\/\/kosma.pl\/stereotyp\/artykuly\/moja-stara-fanatyczka-autyzmu\/\">&#8222;Moja stara to fanatyczka autyzmu&#8221;<\/a> (satyra) (25 kwietnia 2017)<\/li>\n<\/ul>\n<h2>T\u0142umaczenia<\/h2>\n<ul>\n<li><a href=\"https:\/\/kosma.pl\/stereotyp\/prozopagnozja-i-kamienie\/\">Prozopagnozja i kamienie<\/a> (Cecilia Burman)<\/li>\n<\/ul>\n<h2>Wywiady<\/h2>\n<ul>\n<li><a href=\"http:\/\/niepelnosprawni.pl\/ledge\/x\/791486\">Ucze\u0144 z autyzmem to nie intruz<\/a> (Niepelnosprawni.pl, 13 maja 2019)<\/li>\n<li><a href=\"http:\/\/weekend.gazeta.pl\/weekend\/1,168449,24604495,kosma-przez-30-lat-slyszal-ze-jest-dziwny-nienormalny-i-powinien.html\">Kosma przez 30 lat s\u0142ysza\u0142, \u017ce jest dziwny, nienormalny i powinien si\u0119 wyluzowa\u0107. &#8222;Diagnoza to by\u0142a ulga&#8221; #zwykliniezwykli<\/a> (Gazeta.pl, 2 kwietnia 2019)<\/li>\n<li><a href=\"http:\/\/www.niepelnosprawni.pl\/ledge\/x\/669044\">Autyzm. Instrukcja obs\u0142ugi siebie<\/a> (Integracja 3\/2018)<\/li>\n<li><a href=\"http:\/\/mamdziecko.interia.pl\/raporty\/raport-autyzm-bliski-daleki-swiat\/artykuly\/news-diagnoza-jest-jak-mapa-pozwala-sie-odnalezc,nId,2561857\" rel=\"noopener noreferrer\" target=\"_blank\">Diagnoza jest jak mapa. Pozwala si\u0119 odnale\u017a\u0107<\/a> (rozmowa z Monik\u0105 Szubrycht, 26 marca 2018)<\/li>\n<li>Radiogrza\u0142ka, Studenckie Radio \u017bak Politechniki \u0141\u00f3dzkiej (26 stycznia 2018)<\/li>\n<li><a href=\"http:\/\/www.radiokrakow.pl\/audycje\/wieczorny-gosc\/fascynujacy-swiat-ludzi-ze-spektrum-autyzmu\/\" rel=\"noopener noreferrer\" target=\"_blank\">Fascynuj\u0105cy \u015bwiat ludzi ze spektrum autyzmu<\/a> (Radio Krak\u00f3w, 8 stycznia 2018)<\/li>\n<li><a href=\"https:\/\/www.deon.pl\/inteligentne-zycie\/obiektyw\/art,664,zylem-w-przekonaniu-ze-cala-egzystencja-czlowieka-to-jeden-wielki-dyskomfort.html\">&#8222;\u017by\u0142em w przekonaniu, \u017ce ca\u0142a egzystencja cz\u0142owieka to jeden wielki dyskomfort&#8221;<\/a> (skr\u00f3t wywiadu z Radio Krak\u00f3w, Deon.pl)<\/li>\n<li><a href=\"http:\/\/www.radiowroclaw.pl\/articles\/view\/65174\/Zdrowie-w-Radiu-Wroclaw-Zycie-z-autyzmem\" rel=\"noopener noreferrer\" target=\"_blank\">Zdrowie w Radiu Wroc\u0142aw: \u017bycie z autyzmem<\/a> (Radio Wroc\u0142aw, 4 kwietnia 2018)<\/li>\n<\/ul>\n<h2>Wyst\u0105pienia<\/h2>\n<ul>\n<li>Reinventing the wheel. Descriptions of autism in non-autism research (Autscape, Wielka Brytania, 14 sierpnia 2019)<\/li>\n<li>Zesp\u00f3\u0142 Aspergera i autyzm w najbli\u017cszym otoczeniu: co, gdzie i jak. Spotkania w bibliotece (Wroc\u0142aw, 28 czerwca 2019)<\/li>\n<li>Autyzm. Codzienno\u015b\u0107 &#8211; podsumowanie projektu (Regionalny O\u015brodek Metodyczno-Edukacyjny Metis, Katowice, 28 czerwca 2019)<\/li>\n<li>Kultura autystyczna (Mi\u0119dzynarodowa Konferencja &#8222;Autyzm. \u015awiat\u0142ocienie&#8221;, 16 czerwca 2019)<\/li>\n<li>Samo\u015bwiadomo\u015b\u0107 kluczem do samodzielno\u015bci (Konferencja &#8222;Spektrum autyzmu &#8211; diagnoza, edukacja, samodzielno\u015b\u0107&#8221;, Pabianice, 25 maja 2019)<\/li>\n<li>Samo\u015bwiadomo\u015b\u0107 kluczem do samodzielno\u015bci (Konferencja &#8222;Autyzm. Do\u015bwiadczenia, marzenia, rzeczywisto\u015b\u0107&#8221;, Gdynia, 18 maja 2019)<\/li>\n<li>Osoba z ASD w partnerstwie (Konferencja &#8222;Au! Mam autyzm!&#8221;, Suwa\u0142ki, 27 kwietnia 2019)<\/li>\n<li>Panel dyskusyjny &#8222;Nie jestem kosmit\u0105&#8221; &#8211; blaski i cienie \u017cycia ze spektrum od dzieci\u0144stwa do doros\u0142o\u015bci (Konferencja &#8222;Autyzm &#8211; pedagogika i medycyna r\u0119ka w r\u0119k\u0119&#8221;, Krak\u00f3w, 4 kwietnia 2019)<\/li>\n<li>Nasz niebieski \u015bwiat (Tomasz\u00f3w Mazowiecki, 14 grudnia 2019)<\/li>\n<li>Autyzm i sp\u00f3\u0142ka. Spotkanie naukowo-autobiograficzne (Wejherowo, 28 wrze\u015bnia 2018)<\/li>\n<li>Pij\u0119, by prze\u017cy\u0107. Uzale\u017cnienia na spektrum autyzmu (Mi\u0119dzynarodowa konferencja &#8222;Autyzm i tabu&#8221;, 2 czerwca 2018)<\/li>\n<li>Spotkanie po seansie &#8222;Normalny autystyczny film&#8221; (Kino Otwarte, PIK w Legionowie, 26 kwietnia 2018)<\/li>\n<li>Komunikator internetowy. Technologia w s\u0142u\u017cbie autyzmu (Konferencja &#8222;Au! Mam autyzm!&#8221;, Suwa\u0142ki, 21 kwietnia 2018)<\/li>\n<li>Samorzecznictwo kluczem do samodzielno\u015bci (Autism Spectrum Days, Wydzia\u0142 Psychologii, Uniwersytet Warszawski, 12 kwietnia 2018)<\/li>\n<li>Na obcej planecie. \u017bycie na spektrum autyzmu (&#8222;Trudne spotkania dw\u00f3ch \u015bwiat\u00f3w &#8211; o funkcjonowaniu z autyzmem&#8221;, Opoczno, 10 kwietnia 2018)<\/li>\n<li>Samorzecznictwo kluczem do samodzielno\u015bci (&#8222;Autyzm jako ca\u0142o\u017cyciowe wyzwanie edukacyjne. Konferencja Naukowa&#8221;, Uniwersytet \u015al\u0105ski, Cieszyn, 9 kwietnia 2018)<\/li>\n<li><a href=\"https:\/\/www.facebook.com\/OsrodekNeuroMind\/videos\/2091541074205919\/\" rel=\"noopener noreferrer\" target=\"_blank\">Samorzecznictwo kluczem do samodzielno\u015bci<\/a> (Konferencja &#8222;Specjali\u015bci dla autyzmu&#8221;, W\u0142oc\u0142awek, 7 kwietnia 2018)<\/li>\n<li>Cz\u0142owiek X (Seminarium &#8222;Nie jestem kosmit\u0105&#8221;, Szczecin, 4 marca 2017)\n<\/ul>\n","protected":false},"excerpt":{"rendered":"<p> Moje w\u0142asne &#8222;Moja stara to fanatyczka autyzmu&#8221; (satyra) (25 kwietnia 2017) T\u0142umaczenia Prozopagnozja i kamienie (Cecilia Burman) Wywiady Ucze\u0144 z autyzmem to nie intruz (Niepelnosprawni.pl, 13 maja 2019) Kosma przez 30 lat s\u0142ysza\u0142, \u017ce jest dziwny, nienormalny i powinien si\u0119 wyluzowa\u0107. &#8222;Diagnoza to by\u0142a ulga&#8221; #zwykliniezwykli (Gazeta.pl, 2 kwietnia 2019) Autyzm. Instrukcja obs\u0142ugi siebie (Integracja &#8230; <a class=\"read-more more-link\" href=\"https:\/\/kosma.pl\/stereotyp\/artykuly\/\">Read more &raquo;<\/a><\/p>","protected":false},"author":1,"featured_media":0,"parent":0,"menu_order":0,"comment_status":"closed","ping_status":"closed","template":"","meta":{"footnotes":""},"class_list":["post-245","page","type-page","status-publish","hentry"],"yoast_head":"<!-- This site is optimized with the Yoast SEO plugin v22.0 - https:\/\/yoast.com\/wordpress\/plugins\/seo\/ -->\n<title>Artyku\u0142y. &#8212; Stereotyp.<\/title>\n<meta name=\"robots\" content=\"index, follow, max-snippet:-1, max-image-preview:large, max-video-preview:-1\" \/>\n<link rel=\"canonical\" href=\"https:\/\/kosma.pl\/stereotyp\/artykuly\/\" \/>\n<meta property=\"og:locale\" content=\"pl_PL\" \/>\n<meta property=\"og:type\" content=\"article\" \/>\n<meta property=\"og:title\" content=\"Artyku\u0142y. &#8212; Stereotyp.\" \/>\n<meta property=\"og:description\" content=\"Moje w\u0142asne &#8222;Moja stara to fanatyczka autyzmu&#8221; (satyra) (25 kwietnia 2017) T\u0142umaczenia Prozopagnozja i kamienie (Cecilia Burman) Wywiady Ucze\u0144 z autyzmem to nie intruz (Niepelnosprawni.pl, 13 maja 2019) Kosma przez 30 lat s\u0142ysza\u0142, \u017ce jest dziwny, nienormalny i powinien si\u0119 wyluzowa\u0107. &#8222;Diagnoza to by\u0142a ulga&#8221; #zwykliniezwykli (Gazeta.pl, 2 kwietnia 2019) Autyzm. Instrukcja obs\u0142ugi siebie (Integracja ...\" \/>\n<meta property=\"og:url\" content=\"https:\/\/kosma.pl\/stereotyp\/artykuly\/\" \/>\n<meta property=\"og:site_name\" content=\"Stereotyp.\" \/>\n<meta property=\"article:publisher\" content=\"https:\/\/www.facebook.com\/stereotyp\" \/>\n<meta property=\"article:modified_time\" content=\"2019-09-15T01:02:43+00:00\" \/>\n<meta name=\"twitter:card\" content=\"summary_large_image\" \/>\n<meta name=\"twitter:label1\" content=\"Szacowany czas czytania\" \/>\n\t<meta name=\"twitter:data1\" content=\"2 minuty\" \/>\n<script type=\"application\/ld+json\" class=\"yoast-schema-graph\">{\"@context\":\"https:\/\/schema.org\",\"@graph\":[{\"@type\":\"WebPage\",\"@id\":\"https:\/\/kosma.pl\/stereotyp\/artykuly\/\",\"url\":\"https:\/\/kosma.pl\/stereotyp\/artykuly\/\",\"name\":\"Artyku\u0142y. &#8212; Stereotyp.\",\"isPartOf\":{\"@id\":\"https:\/\/kosma.pl\/stereotyp\/#website\"},\"datePublished\":\"2017-12-10T13:41:36+00:00\",\"dateModified\":\"2019-09-15T01:02:43+00:00\",\"breadcrumb\":{\"@id\":\"https:\/\/kosma.pl\/stereotyp\/artykuly\/#breadcrumb\"},\"inLanguage\":\"pl-PL\",\"potentialAction\":[{\"@type\":\"ReadAction\",\"target\":[\"https:\/\/kosma.pl\/stereotyp\/artykuly\/\"]}]},{\"@type\":\"BreadcrumbList\",\"@id\":\"https:\/\/kosma.pl\/stereotyp\/artykuly\/#breadcrumb\",\"itemListElement\":[{\"@type\":\"ListItem\",\"position\":1,\"name\":\"Strona g\u0142\u00f3wna\",\"item\":\"https:\/\/kosma.pl\/stereotyp\/\"},{\"@type\":\"ListItem\",\"position\":2,\"name\":\"Artyku\u0142y.\"}]},{\"@type\":\"WebSite\",\"@id\":\"https:\/\/kosma.pl\/stereotyp\/#website\",\"url\":\"https:\/\/kosma.pl\/stereotyp\/\",\"name\":\"Stereotyp.\",\"description\":\"\",\"potentialAction\":[{\"@type\":\"SearchAction\",\"target\":{\"@type\":\"EntryPoint\",\"urlTemplate\":\"https:\/\/kosma.pl\/stereotyp\/?s={search_term_string}\"},\"query-input\":\"required name=search_term_string\"}],\"inLanguage\":\"pl-PL\"}]}<\/script>\n<!-- \/ Yoast SEO plugin. -->","yoast_head_json":{"title":"Artyku\u0142y. &#8212; Stereotyp.","robots":{"index":"index","follow":"follow","max-snippet":"max-snippet:-1","max-image-preview":"max-image-preview:large","max-video-preview":"max-video-preview:-1"},"canonical":"https:\/\/kosma.pl\/stereotyp\/artykuly\/","og_locale":"pl_PL","og_type":"article","og_title":"Artyku\u0142y. &#8212; Stereotyp.","og_description":"Moje w\u0142asne &#8222;Moja stara to fanatyczka autyzmu&#8221; (satyra) (25 kwietnia 2017) T\u0142umaczenia Prozopagnozja i kamienie (Cecilia Burman) Wywiady Ucze\u0144 z autyzmem to nie intruz (Niepelnosprawni.pl, 13 maja 2019) Kosma przez 30 lat s\u0142ysza\u0142, \u017ce jest dziwny, nienormalny i powinien si\u0119 wyluzowa\u0107. &#8222;Diagnoza to by\u0142a ulga&#8221; #zwykliniezwykli (Gazeta.pl, 2 kwietnia 2019) Autyzm. Instrukcja obs\u0142ugi siebie (Integracja ...","og_url":"https:\/\/kosma.pl\/stereotyp\/artykuly\/","og_site_name":"Stereotyp.","article_publisher":"https:\/\/www.facebook.com\/stereotyp","article_modified_time":"2019-09-15T01:02:43+00:00","twitter_card":"summary_large_image","twitter_misc":{"Szacowany czas czytania":"2 minuty"},"schema":{"@context":"https:\/\/schema.org","@graph":[{"@type":"WebPage","@id":"https:\/\/kosma.pl\/stereotyp\/artykuly\/","url":"https:\/\/kosma.pl\/stereotyp\/artykuly\/","name":"Artyku\u0142y. &#8212; Stereotyp.","isPartOf":{"@id":"https:\/\/kosma.pl\/stereotyp\/#website"},"datePublished":"2017-12-10T13:41:36+00:00","dateModified":"2019-09-15T01:02:43+00:00","breadcrumb":{"@id":"https:\/\/kosma.pl\/stereotyp\/artykuly\/#breadcrumb"},"inLanguage":"pl-PL","potentialAction":[{"@type":"ReadAction","target":["https:\/\/kosma.pl\/stereotyp\/artykuly\/"]}]},{"@type":"BreadcrumbList","@id":"https:\/\/kosma.pl\/stereotyp\/artykuly\/#breadcrumb","itemListElement":[{"@type":"ListItem","position":1,"name":"Strona g\u0142\u00f3wna","item":"https:\/\/kosma.pl\/stereotyp\/"},{"@type":"ListItem","position":2,"name":"Artyku\u0142y."}]},{"@type":"WebSite","@id":"https:\/\/kosma.pl\/stereotyp\/#website","url":"https:\/\/kosma.pl\/stereotyp\/","name":"Stereotyp.","description":"","potentialAction":[{"@type":"SearchAction","target":{"@type":"EntryPoint","urlTemplate":"https:\/\/kosma.pl\/stereotyp\/?s={search_term_string}"},"query-input":"required name=search_term_string"}],"inLanguage":"pl-PL"}]}},"_links":{"self":[{"href":"https:\/\/kosma.pl\/stereotyp\/wp-json\/wp\/v2\/pages\/245","targetHints":{"allow":["GET"]}}],"collection":[{"href":"https:\/\/kosma.pl\/stereotyp\/wp-json\/wp\/v2\/pages"}],"about":[{"href":"https:\/\/kosma.pl\/stereotyp\/wp-json\/wp\/v2\/types\/page"}],"author":[{"embeddable":true,"href":"https:\/\/kosma.pl\/stereotyp\/wp-json\/wp\/v2\/users\/1"}],"replies":[{"embeddable":true,"href":"https:\/\/kosma.pl\/stereotyp\/wp-json\/wp\/v2\/comments?post=245"}],"version-history":[{"count":18,"href":"https:\/\/kosma.pl\/stereotyp\/wp-json\/wp\/v2\/pages\/245\/revisions"}],"predecessor-version":[{"id":596,"href":"https:\/\/kosma.pl\/stereotyp\/wp-json\/wp\/v2\/pages\/245\/revisions\/596"}],"wp:attachment":[{"href":"https:\/\/kosma.pl\/stereotyp\/wp-json\/wp\/v2\/media?parent=245"}],"curies":[{"name":"wp","href":"https:\/\/api.w.org\/{rel}","templated":true}]}}