{"id":12,"date":"2016-01-29T02:27:17","date_gmt":"2016-01-29T01:27:17","guid":{"rendered":"http:\/\/kosma.pl\/blog\/?page_id=12"},"modified":"2022-06-28T15:10:53","modified_gmt":"2022-06-28T13:10:53","slug":"about","status":"publish","type":"page","link":"https:\/\/kosma.pl\/diaries\/about\/","title":{"rendered":"we call upon the author to explain"},"content":{"rendered":"<div class=\"entry-content\">\n<p>I\u2019m Kosma. This place is mine. I have many other places but this one is mine. It is not a client facing portfolio and not a tumblresque mixture of girls &amp; memes &amp; despair and not anything else the world may expect. This place is mine.<\/p>\n<p>I shoot film.<\/p>\n<p>A\/S\/L: 31, M, \u0141\u00f3d\u017a, Poland.<br \/>\nCameras: Konica Hexar AF, Canon EOS 5 + EF 85\/1.8, Rolleicord V.<br \/>\nFilm: Ilford HP5+ in D-76 1+1, Ilford Delta 3200 in DD-X, Agfa Precisa CT 100.<\/p>\n<p>Find me everywhere: <a href=\"https:\/\/www.facebook.com\/kosma.moczek\" target=\"_blank\" rel=\"noopener\">Facebook<\/a> \/\/ <a href=\"https:\/\/www.flickr.com\/photos\/kosmamoczek\/\" target=\"_blank\" rel=\"noopener\">Flickr<\/a> \/\/ <a href=\"http:\/\/kosmamoczek.tumblr.com\/\" target=\"_blank\" rel=\"noopener\">Tumblr<\/a> \/\/ <a href=\"https:\/\/www.instagram.com\/kosma.moczek\" target=\"_blank\" rel=\"noopener\">Instagram<\/a>.<\/p>\n<\/div>\n","protected":false},"excerpt":{"rendered":"<p>I\u2019m Kosma. This place is mine. I have many other places but this one is mine. It is not a client facing portfolio and not a tumblresque mixture of girls &amp; memes &amp; despair and not anything else the world may expect. This place is mine. I shoot film. A\/S\/L: 31, M, \u0141\u00f3d\u017a, Poland. Cameras: [&hellip;]<\/p>\n","protected":false},"author":1,"featured_media":0,"parent":0,"menu_order":0,"comment_status":"closed","ping_status":"closed","template":"","meta":{"footnotes":""},"class_list":["post-12","page","type-page","status-publish","hentry"],"_links":{"self":[{"href":"https:\/\/kosma.pl\/diaries\/wp-json\/wp\/v2\/pages\/12","targetHints":{"allow":["GET"]}}],"collection":[{"href":"https:\/\/kosma.pl\/diaries\/wp-json\/wp\/v2\/pages"}],"about":[{"href":"https:\/\/kosma.pl\/diaries\/wp-json\/wp\/v2\/types\/page"}],"author":[{"embeddable":true,"href":"https:\/\/kosma.pl\/diaries\/wp-json\/wp\/v2\/users\/1"}],"replies":[{"embeddable":true,"href":"https:\/\/kosma.pl\/diaries\/wp-json\/wp\/v2\/comments?post=12"}],"version-history":[{"count":10,"href":"https:\/\/kosma.pl\/diaries\/wp-json\/wp\/v2\/pages\/12\/revisions"}],"predecessor-version":[{"id":2888,"href":"https:\/\/kosma.pl\/diaries\/wp-json\/wp\/v2\/pages\/12\/revisions\/2888"}],"wp:attachment":[{"href":"https:\/\/kosma.pl\/diaries\/wp-json\/wp\/v2\/media?parent=12"}],"curies":[{"name":"wp","href":"https:\/\/api.w.org\/{rel}","templated":true}]}}